{"id":1360,"date":"2020-11-21T21:23:10","date_gmt":"2020-11-21T20:23:10","guid":{"rendered":"https:\/\/lajotrans.sk\/?page_id=1360"},"modified":"2020-11-23T14:49:22","modified_gmt":"2020-11-23T13:49:22","slug":"contact","status":"publish","type":"page","link":"https:\/\/lajotrans.sk\/en\/contact\/","title":{"rendered":"Contact"},"content":{"rendered":"<p>[vc_row][vc_column width=&#8221;1\/2&#8243;][vc_column_text]<\/p>\n<p style=\"text-align: left;\"><strong>LA-JO TRANS s.r.o.<\/strong><br \/>\nZelen\u00e1 13<br \/>\n940 02 Nov\u00e9 Z\u00e1mky, Slovakia<\/p>\n<p style=\"text-align: left;\">I\u010cO: 46859748<br \/>\nDI\u010c: 2023621270<br \/>\nI\u010c DPH: SK2023621270[\/vc_column_text][vc_column_text]<\/p>\n<h3>Company management:<\/h3>\n<p><strong>\u013dudov\u00edt P\u00f3lya<\/strong><\/p>\n<p><a href=\"mailto:info@lajotrans.sk\">info@lajotrans.sk<\/a><\/p>\n<p>+421 905 691\u00a0063<\/p>\n<p>&nbsp;<\/p>\n<p><strong>Jarmila P\u00f3lya<\/strong><\/p>\n<p><a href=\"mailto:fakturacia@lajotrans.sk\">fakturacia@lajotrans.sk<\/a><\/p>\n<p>+421 907 776\u00a0798<\/p>\n<p><strong>\u00a0<\/strong><\/p>\n<p>&nbsp;[\/vc_column_text][\/vc_column][vc_column width=&#8221;1\/2&#8243;][vc_column_text]<\/p>\n<p style=\"text-align: left;\">IBAN: SK 08 7500 0000 0040 1678 4549<\/p>\n<p style=\"text-align: left;\">Account no.: 4016784549<br \/>\nBank code: 7500<br \/>\nSWIFT: CEKOSKBX<br \/>\nTIMOCOM: 126451<br \/>\nRAAL: 3YX[\/vc_column_text][vc_column_text]<\/p>\n<h3>Traffic section:<\/h3>\n<p><strong>Bc. G\u00e1bor P\u00f3lya<br \/>\n<\/strong><a href=\"mailto:gabor@lajotrans.sk\">gabor@lajotrans.sk<\/a><strong><br \/>\n<\/strong>+421 915 766\u00a0864<\/p>\n<p><strong>Radoslava \u0160kandov\u00e1<br \/>\n<\/strong><a href=\"mailto:radka@lajotrans.sk\">radka@lajotrans.sk<\/a><br \/>\n+421 902 891\u00a0063<\/p>\n<p><strong>Mgr. D\u00e1niel P\u00f3lya<br \/>\n<\/strong><a href=\"mailto:dani@lajotrans.sk\">dani@lajotrans.sk<\/a><br \/>\n+421 917 573\u00a0415<\/p>\n<p><strong>Ing. R\u00f3bert Kov\u00e1cs<br \/>\n<\/strong><a href=\"mailto:robert@lajotrans.sk\">robert@lajotrans.sk<\/a><br \/>\n+421 903 583\u00a0934[\/vc_column_text][\/vc_column][\/vc_row][vc_row][vc_column][sbs_wpb_openstreetmap map_style=&#8221;openstreetmap_de&#8221; ctrl_mouse_zoom=&#8221;&#8221;][sbs_wpb_marker marker_color=&#8221;red&#8221; marker_address=&#8221;Nov\u00e9 Z\u00e1mky, Zelen\u00e1 13&#8243;][\/sbs_wpb_marker][\/sbs_wpb_openstreetmap][\/vc_column][\/vc_row]<\/p>\n","protected":false},"excerpt":{"rendered":"<p>[vc_row][vc_column width=&#8221;1\/2&#8243;][vc_column_text] LA-JO TRANS s.r.o. Zelen\u00e1 13 940 02 Nov\u00e9 Z\u00e1mky, Slovakia I\u010cO: 46859748 DI\u010c: 2023621270 I\u010c DPH: SK2023621270[\/vc_column_text][vc_column_text] Company management: \u013dudov\u00edt P\u00f3lya info@lajotrans.sk +421 905 691\u00a0063 &nbsp; Jarmila P\u00f3lya fakturacia@lajotrans.sk +421 907&#8230;<\/p>\n","protected":false},"author":1,"featured_media":0,"parent":0,"menu_order":0,"comment_status":"closed","ping_status":"closed","template":"","meta":{"footnotes":""},"_links":{"self":[{"href":"https:\/\/lajotrans.sk\/en\/wp-json\/wp\/v2\/pages\/1360"}],"collection":[{"href":"https:\/\/lajotrans.sk\/en\/wp-json\/wp\/v2\/pages"}],"about":[{"href":"https:\/\/lajotrans.sk\/en\/wp-json\/wp\/v2\/types\/page"}],"author":[{"embeddable":true,"href":"https:\/\/lajotrans.sk\/en\/wp-json\/wp\/v2\/users\/1"}],"replies":[{"embeddable":true,"href":"https:\/\/lajotrans.sk\/en\/wp-json\/wp\/v2\/comments?post=1360"}],"version-history":[{"count":19,"href":"https:\/\/lajotrans.sk\/en\/wp-json\/wp\/v2\/pages\/1360\/revisions"}],"predecessor-version":[{"id":1517,"href":"https:\/\/lajotrans.sk\/en\/wp-json\/wp\/v2\/pages\/1360\/revisions\/1517"}],"wp:attachment":[{"href":"https:\/\/lajotrans.sk\/en\/wp-json\/wp\/v2\/media?parent=1360"}],"curies":[{"name":"wp","href":"https:\/\/api.w.org\/{rel}","templated":true}]}}